{"id":2117,"date":"2025-11-06T18:49:20","date_gmt":"2025-11-06T18:49:20","guid":{"rendered":"https:\/\/kwiatkowskipawel.com\/?page_id=2117"},"modified":"2025-11-06T18:49:22","modified_gmt":"2025-11-06T18:49:22","slug":"kontakt-2-2","status":"publish","type":"page","link":"https:\/\/kwiatkowskipawel.com\/en\/kontakt-2-2\/","title":{"rendered":"contact"},"content":{"rendered":"<div class=\"wp-block-columns is-layout-flex wp-container-core-columns-is-layout-28f84493 wp-block-columns-is-layout-flex\">\n<div class=\"wp-block-column is-layout-flow wp-block-column-is-layout-flow\">\n<h2 class=\"wp-block-heading\">contact@kwiatkowskipawel.com<\/h2>\n<\/div>\n\n\n\n<div class=\"wp-block-column is-layout-flow wp-block-column-is-layout-flow\"><div class=\"wpforms-container wpforms-block wpforms-block-620a4867-401f-485a-baf1-c5799dc8d7c2 wpforms-render-modern\" id=\"wpforms-269\"><form id=\"wpforms-form-269\" class=\"wpforms-validate wpforms-form\" data-formid=\"269\" method=\"post\" enctype=\"multipart\/form-data\" action=\"\/en\/wp-json\/wp\/v2\/pages\/2117\" data-token=\"8da176fee0b4ed598341614463ebbb49\" data-token-time=\"1776785355\" data-trp-original-action=\"\/en\/wp-json\/wp\/v2\/pages\/2117\"><noscript class=\"wpforms-error-noscript\">Please enable JavaScript in your browser to complete this form.<\/noscript><div id=\"wpforms-error-noscript\" style=\"display: none;\">Please enable JavaScript in your browser to complete this form.<\/div><div class=\"wpforms-field-container\"><div id=\"wpforms-269-field_0-container\" class=\"wpforms-field wpforms-field-name\" data-field-id=\"0\"><label class=\"wpforms-field-label wpforms-label-hide\" for=\"wpforms-269-field_0\" aria-hidden=\"false\">Imi\u0119 <span class=\"wpforms-required-label\" aria-hidden=\"true\">*<\/span><\/label><input type=\"text\" id=\"wpforms-269-field_0\" class=\"wpforms-field-large wpforms-field-required\" name=\"wpforms[fields][0]\" placeholder=\"Imi\u0119*\" aria-errormessage=\"wpforms-269-field_0-error\" required><\/div>\t\t<div id=\"wpforms-269-field_4-container\"\n\t\t\tclass=\"wpforms-field wpforms-field-text\"\n\t\t\tdata-field-type=\"text\"\n\t\t\tdata-field-id=\"4\"\n\t\t\t>\n\t\t\t<label class=\"wpforms-field-label\" for=\"wpforms-269-field_4\" >Wiadomo\u015b\u0107 Email* Imi\u0119<\/label>\n\t\t\t<input type=\"text\" id=\"wpforms-269-field_4\" class=\"wpforms-field-medium\" name=\"wpforms[fields][4]\" >\n\t\t<\/div>\n\t\t<div id=\"wpforms-269-field_1-container\" class=\"wpforms-field wpforms-field-email\" data-field-id=\"1\"><label class=\"wpforms-field-label wpforms-label-hide\" for=\"wpforms-269-field_1\" aria-hidden=\"false\">Email* <span class=\"wpforms-required-label\" aria-hidden=\"true\">*<\/span><\/label><input type=\"email\" id=\"wpforms-269-field_1\" class=\"wpforms-field-large wpforms-field-required\" name=\"wpforms[fields][1]\" placeholder=\"Email*\" spellcheck=\"false\" aria-errormessage=\"wpforms-269-field_1-error\" required><\/div><div id=\"wpforms-269-field_3-container\" class=\"wpforms-field wpforms-field-text\" data-field-id=\"3\"><label class=\"wpforms-field-label wpforms-label-hide\" for=\"wpforms-269-field_3\" aria-hidden=\"false\">Temat<\/label><input type=\"text\" id=\"wpforms-269-field_3\" class=\"wpforms-field-large\" name=\"wpforms[fields][3]\" placeholder=\"Temat\" aria-errormessage=\"wpforms-269-field_3-error\" ><\/div><div id=\"wpforms-269-field_2-container\" class=\"wpforms-field wpforms-field-textarea\" data-field-id=\"2\"><label class=\"wpforms-field-label wpforms-label-hide\" for=\"wpforms-269-field_2\" aria-hidden=\"false\">Wiadomo\u015b\u0107<\/label><textarea id=\"wpforms-269-field_2\" class=\"wpforms-field-large\" name=\"wpforms[fields][2]\" placeholder=\"Wiadomo\u015b\u0107 \" aria-errormessage=\"wpforms-269-field_2-error\" ><\/textarea><\/div><script>\n\t\t\t\t( function() {\n\t\t\t\t\tconst style = document.createElement( 'style' );\n\t\t\t\t\tstyle.appendChild( document.createTextNode( '#wpforms-269-field_4-container { position: absolute !important; overflow: hidden !important; display: inline !important; height: 1px !important; width: 1px !important; z-index: -1000 !important; padding: 0 !important; } #wpforms-269-field_4-container input { visibility: hidden; } #wpforms-conversational-form-page #wpforms-269-field_4-container label { counter-increment: none; }' ) );\n\t\t\t\t\tdocument.head.appendChild( style );\n\t\t\t\t\tdocument.currentScript?.remove();\n\t\t\t\t} )();\n\t\t\t<\/script><\/div><!-- .wpforms-field-container --><div class=\"wpforms-submit-container\" ><input type=\"hidden\" name=\"wpforms[id]\" value=\"269\"><input type=\"hidden\" name=\"page_title\" value=\"\"><input type=\"hidden\" name=\"page_url\" value=\"https:\/\/kwiatkowskipawel.com\/en\/wp-json\/wp\/v2\/pages\/2117\"><input type=\"hidden\" name=\"url_referer\" value=\"\"><button type=\"submit\" name=\"wpforms[submit]\" id=\"wpforms-submit-269\" class=\"wpforms-submit\" data-alt-text=\"Wysy\u0142anie...\" data-submit-text=\"Wy\u015blij wiadomo\u015b\u0107\" aria-live=\"assertive\" value=\"wpforms-submit\">Wy\u015blij wiadomo\u015b\u0107<\/button><\/div><input type=\"hidden\" name=\"trp-form-language\" value=\"en\"\/><\/form><\/div>  <!-- .wpforms-container --><\/div>\n<\/div>","protected":false},"excerpt":{"rendered":"<p>contact@kwiatkowskipawel.com<\/p>","protected":false},"author":1,"featured_media":0,"parent":0,"menu_order":0,"comment_status":"closed","ping_status":"closed","template":"","meta":{"_uag_custom_page_level_css":"","footnotes":""},"class_list":["post-2117","page","type-page","status-publish","hentry"],"uagb_featured_image_src":{"full":false,"thumbnail":false,"medium":false,"medium_large":false,"large":false,"1536x1536":false,"2048x2048":false,"trp-custom-language-flag":false,"mailpoet_newsletter_max":false,"menu-24x24":false,"menu-36x36":false,"menu-48x48":false,"woocommerce_thumbnail":false,"woocommerce_single":false,"woocommerce_gallery_thumbnail":false},"uagb_author_info":{"display_name":"paulus","author_link":"https:\/\/kwiatkowskipawel.com\/en\/author\/paulus\/"},"uagb_comment_info":0,"uagb_excerpt":"contact@kwiatkowskipawel.com","jetpack_sharing_enabled":true,"_links":{"self":[{"href":"https:\/\/kwiatkowskipawel.com\/en\/wp-json\/wp\/v2\/pages\/2117","targetHints":{"allow":["GET"]}}],"collection":[{"href":"https:\/\/kwiatkowskipawel.com\/en\/wp-json\/wp\/v2\/pages"}],"about":[{"href":"https:\/\/kwiatkowskipawel.com\/en\/wp-json\/wp\/v2\/types\/page"}],"author":[{"embeddable":true,"href":"https:\/\/kwiatkowskipawel.com\/en\/wp-json\/wp\/v2\/users\/1"}],"replies":[{"embeddable":true,"href":"https:\/\/kwiatkowskipawel.com\/en\/wp-json\/wp\/v2\/comments?post=2117"}],"version-history":[{"count":1,"href":"https:\/\/kwiatkowskipawel.com\/en\/wp-json\/wp\/v2\/pages\/2117\/revisions"}],"predecessor-version":[{"id":2118,"href":"https:\/\/kwiatkowskipawel.com\/en\/wp-json\/wp\/v2\/pages\/2117\/revisions\/2118"}],"wp:attachment":[{"href":"https:\/\/kwiatkowskipawel.com\/en\/wp-json\/wp\/v2\/media?parent=2117"}],"curies":[{"name":"wp","href":"https:\/\/api.w.org\/{rel}","templated":true}]}}